{"id":550,"date":"2024-04-12T08:39:27","date_gmt":"2024-04-12T08:39:27","guid":{"rendered":"https:\/\/trabajos.digitalzaragoza.es\/coachingzaragoza\/?page_id=550"},"modified":"2024-11-14T07:35:13","modified_gmt":"2024-11-14T07:35:13","slug":"blog-coaching-center-zaragoza","status":"publish","type":"page","link":"https:\/\/trabajos.digitalzaragoza.es\/coachingzaragoza\/blog-coaching-center-zaragoza\/","title":{"rendered":"Blog"},"content":{"rendered":"\n[et_pb_section fb_built=\u00bb1&#8243; admin_label=\u00bbBlog\u00bb _builder_version=\u00bb4.16&#8243; global_colors_info=\u00bb{}\u00bb][et_pb_row _builder_version=\u00bb4.16&#8243; global_colors_info=\u00bb{}\u00bb][et_pb_column type=\u00bb4_4&#8243; _builder_version=\u00bb4.16&#8243; custom_padding=\u00bb|||\u00bb global_colors_info=\u00bb{}\u00bb custom_padding__hover=\u00bb|||\u00bb][et_pb_text _builder_version=\u00bb4.25.0&#8243; text_font=\u00bbMontserrat||||||||\u00bb text_letter_spacing=\u00bb3px\u00bb header_font=\u00bbKarla|700|||||||\u00bb header_font_size=\u00bb73px\u00bb header_letter_spacing=\u00bb-3px\u00bb header_line_height=\u00bb0.9em\u00bb header_2_font=\u00bbMontserrat|||on|||||\u00bb header_2_font_size=\u00bb16px\u00bb header_2_letter_spacing=\u00bb2px\u00bb header_2_line_height=\u00bb1.8em\u00bb background_layout=\u00bbdark\u00bb header_font_size_tablet=\u00bb60px\u00bb header_font_size_phone=\u00bb40px\u00bb header_font_size_last_edited=\u00bbon|phone\u00bb header_2_font_size_tablet=\u00bb14px\u00bb header_2_font_size_phone=\u00bb\u00bb header_2_font_size_last_edited=\u00bbon|tablet\u00bb locked=\u00bboff\u00bb global_colors_info=\u00bb{}\u00bb]<h2><span style=\"color: #000000;\">ACTUALIDAD<\/span><\/h2>\n<h1><span style=\"color: #000000;\">Blog<\/span><\/h1>[\/et_pb_text][et_pb_blog fullwidth=\u00bboff\u00bb posts_number=\u00bb6&#8243; _builder_version=\u00bb4.16&#8243; header_font=\u00bbKarla|700||on|||||\u00bb header_font_size=\u00bb16px\u00bb header_line_height=\u00bb1.4em\u00bb body_line_height=\u00bb1.8em\u00bb meta_text_color=\u00bb#f56845&#8243; pagination_font=\u00bbKarla|700||on|||||\u00bb pagination_text_color=\u00bb#f56845&#8243; pagination_letter_spacing=\u00bb1px\u00bb custom_margin_tablet=\u00bb||0vw\u00bb custom_margin_last_edited=\u00bboff|desktop\u00bb z_index_tablet=\u00bb500&#8243; border_width_all=\u00bb18px\u00bb border_color_all=\u00bb#ffffff\u00bb box_shadow_style=\u00bbpreset1&#8243; box_shadow_vertical=\u00bb34px\u00bb box_shadow_blur=\u00bb64px\u00bb box_shadow_spread=\u00bb-12px\u00bb box_shadow_color=\u00bbrgba(20,22,23,0.19)\u00bb locked=\u00bboff\u00bb global_colors_info=\u00bb{}\u00bb]\r[\/et_pb_blog][\/et_pb_column][\/et_pb_row][\/et_pb_section][et_pb_section fb_built=\u00bb1&#8243; admin_label=\u00bbCall to Action\u00bb _builder_version=\u00bb4.25.0&#8243; _module_preset=\u00bbdefault\u00bb background_enable_color=\u00bboff\u00bb use_background_color_gradient=\u00bbon\u00bb background_color_gradient_stops=\u00bbrgba(0,0,0,0.8) 0%|rgba(0,0,0,0) 100%\u00bb background_color_gradient_overlays_image=\u00bbon\u00bb background_image=\u00bbhttps:\/\/trabajos.digitalzaragoza.es\/coachingzaragoza\/wp-content\/uploads\/2024\/05\/tourists-go-up-hill-sunrise-scaled.jpg\u00bb locked=\u00bboff\u00bb collapsed=\u00bbon\u00bb global_colors_info=\u00bb{}\u00bb][et_pb_row _builder_version=\u00bb4.17.4&#8243; _module_preset=\u00bbdefault\u00bb width=\u00bb60%\u00bb width_tablet=\u00bb80%\u00bb width_phone=\u00bb80%\u00bb width_last_edited=\u00bbon|tablet\u00bb global_colors_info=\u00bb{}\u00bb][et_pb_column type=\u00bb4_4&#8243; _builder_version=\u00bb4.17.4&#8243; _module_preset=\u00bbdefault\u00bb global_colors_info=\u00bb{}\u00bb][et_pb_text _builder_version=\u00bb4.25.0&#8243; _module_preset=\u00bbc8b0b82a-0071-4096-bca4-d68450b57dc9&#8243; header_font_size=\u00bb42px\u00bb header_2_font=\u00bbInter|700|||||||\u00bb header_2_text_color=\u00bb#FFFFFF\u00bb header_2_font_size=\u00bb40px\u00bb header_2_line_height=\u00bb1.2em\u00bb text_orientation=\u00bbcenter\u00bb header_2_font_size_tablet=\u00bb40px\u00bb header_2_font_size_phone=\u00bb24px\u00bb header_2_font_size_last_edited=\u00bbon|desktop\u00bb global_colors_info=\u00bb{}\u00bb]<h2>\u00bfNecesitas un coach que gu\u00ede tu camino?<\/h2>[\/et_pb_text][et_pb_text _builder_version=\u00bb4.25.0&#8243; _module_preset=\u00bb1f09816e-184e-4ce5-a4cf-b39c52c423ca\u00bb text_font=\u00bbOpen Sans||||||||\u00bb text_text_color=\u00bbrgba(255,255,255,0.7)\u00bb text_font_size=\u00bb20px\u00bb text_line_height=\u00bb1.8em\u00bb link_text_color=\u00bb#F26440&#8243; text_orientation=\u00bbcenter\u00bb custom_padding=\u00bb||0px|||\u00bb text_font_size_tablet=\u00bb15px\u00bb text_font_size_phone=\u00bb14px\u00bb text_font_size_last_edited=\u00bbon|phone\u00bb header_font_size_tablet=\u00bb55px\u00bb header_font_size_last_edited=\u00bboff|desktop\u00bb global_colors_info=\u00bb{}\u00bb]<p><strong>Center Zaragoza contar\u00e1s con la ayuda y el apoyo de grandes coach especializados en diferentes \u00e1mbitos para ayudarte a conseguir todos tus objetivos.<\/strong><\/p>[\/et_pb_text][et_pb_button button_url=\u00bbhttps:\/\/trabajos.digitalzaragoza.es\/coachingzaragoza\/contacto\/\u00bb button_text=\u00bbEscr\u00edbenos\u00bb button_alignment=\u00bbcenter\u00bb _builder_version=\u00bb4.25.0&#8243; _module_preset=\u00bb31b4f027-aaa0-4f2f-ae02-959764e19e4f\u00bb custom_button=\u00bbon\u00bb button_text_size=\u00bb14px\u00bb button_text_color=\u00bb#FFFFFF\u00bb button_bg_color=\u00bb#F26440&#8243; button_border_color=\u00bb#F26440&#8243; button_border_radius=\u00bb0px\u00bb button_font=\u00bbInter|700||on|||||\u00bb custom_padding=\u00bb14px|20px|14px|20px|true|true\u00bb hover_enabled=\u00bb0&#8243; global_colors_info=\u00bb{}\u00bb sticky_enabled=\u00bb0&#8243;][\/et_pb_button][\/et_pb_column][\/et_pb_row][\/et_pb_section]\n","protected":false},"excerpt":{"rendered":"<p>ACTUALIDAD Blog \u00bfNecesitas un coach que gu\u00ede tu camino?Center Zaragoza contar\u00e1s con la ayuda y el apoyo de grandes coach especializados en diferentes \u00e1mbitos para ayudarte a conseguir todos tus objetivos.<\/p>\n","protected":false},"author":1,"featured_media":0,"parent":0,"menu_order":0,"comment_status":"closed","ping_status":"closed","template":"","meta":{"tpgb_global_settings":"","_et_pb_use_builder":"on","_et_pb_old_content":"<!-- wp:cover {\"url\":\"https:\/\/trabajos.digitalzaragoza.es\/coachingzaragoza\/wp-content\/uploads\/2024\/04\/toy-bricks-table-with-word-blog-scaled.jpg\",\"id\":569,\"hasParallax\":true,\"dimRatio\":50,\"customOverlayColor\":\"#c3a88f\",\"isDark\":false,\"layout\":{\"type\":\"constrained\"}} -->\n<div class=\"wp-block-cover is-light has-parallax\"><span aria-hidden=\"true\" class=\"wp-block-cover__background has-background-dim\" style=\"background-color:#c3a88f\"><\/span><div class=\"wp-block-cover__image-background wp-image-569 has-parallax\" style=\"background-position:50% 50%;background-image:url(https:\/\/trabajos.digitalzaragoza.es\/coachingzaragoza\/wp-content\/uploads\/2024\/04\/toy-bricks-table-with-word-blog-scaled.jpg)\"><\/div><div class=\"wp-block-cover__inner-container\"><\/div><\/div>\n<!-- \/wp:cover -->\n\n<!-- wp:cover {\"customOverlayColor\":\"#ffffff\",\"isUserOverlayColor\":true,\"minHeight\":339,\"minHeightUnit\":\"px\",\"contentPosition\":\"center center\",\"isDark\":false,\"align\":\"full\"} -->\n<div class=\"wp-block-cover alignfull is-light\" style=\"min-height:339px\"><span aria-hidden=\"true\" class=\"wp-block-cover__background has-background-dim-100 has-background-dim\" style=\"background-color:#ffffff\"><\/span><div class=\"wp-block-cover__inner-container\"><!-- wp:paragraph {\"align\":\"center\",\"placeholder\":\"Escribe el t\u00edtulo\u2026\",\"fontSize\":\"large\"} -->\n<p class=\"has-text-align-center has-large-font-size\"><\/p>\n<!-- \/wp:paragraph -->\n\n<!-- wp:stackable\/blockquote {\"uniqueId\":\"f0c3680\",\"contentAlign\":\"left\",\"className\":\"is-style-simple\"} -->\n<blockquote class=\"wp-block-stackable-blockquote stk-block-blockquote stk-block stk-f0c3680 is-style-simple\" data-v=\"2\" data-block-id=\"f0c3680\"><div class=\"has-text-align-left stk-block-blockquote__content stk-container stk-f0c3680-container stk--no-background stk--no-padding\"><div class=\"stk-block-content stk-inner-blocks\"><!-- wp:stackable\/icon {\"uniqueId\":\"73b9574\",\"opacity\":0.2,\"position\":\"absolute\",\"positionNum\":{\"top\":-50,\"right\":\"\",\"bottom\":\"\",\"left\":-50},\"icon\":\"u003csvg xmlns=u0022http:\/\/www.w3.org\/2000\/svgu0022 viewBox=u00220 0 50 50u0022u003eu003cpath d=u0022M19.8 9.3C10.5 11.8 4.6 17 2.1 24.8c2.3-3.6 5.6-5.4 9.9-5.4 3.3 0 6 1.1 8.3 3.3 2.2 2.2 3.4 5 3.4 8.3 0 3.2-1.1 5.8-3.3 8-2.2 2.2-5.1 3.2-8.7 3.2-3.7 0-6.5-1.2-8.6-3.5C1 36.3 0 33.1 0 29 0 18.3 6.5 11.2 19.6 7.9l.2 1.4zm26.4 0C36.9 11.9 31 17 28.5 24.8c2.2-3.6 5.5-5.4 9.8-5.4 3.2 0 6 1.1 8.3 3.2 2.3 2.2 3.4 4.9 3.4 8.3 0 3.1-1.1 5.8-3.3 7.9-2.2 2.2-5.1 3.3-8.6 3.3-3.7 0-6.6-1.1-8.6-3.4-2.1-2.3-3.1-5.5-3.1-9.7 0-10.7 6.6-17.8 19.7-21.1l.1 1.4zu0022u003eu003c\/pathu003eu003c\/svgu003e\",\"iconSize\":200} -->\n<div class=\"wp-block-stackable-icon stk-block-icon stk-block stk-73b9574\" data-block-id=\"73b9574\"><style>.stk-73b9574{top:-50px !important;left:-50px !important;position:absolute !important;opacity:0.2 !important}.stk-73b9574 .stk--svg-wrapper .stk--inner-svg svg:last-child{height:200px !important;width:200px !important}<\/style><span class=\"stk--svg-wrapper\"><div class=\"stk--inner-svg\"><svg style=\"height:0;width:0\"><defs><linearGradient id=\"linear-gradient-73b9574\" x1=\"0\" x2=\"100%\" y1=\"0\" y2=\"0\"><stop offset=\"0%\" style=\"stop-opacity:1;stop-color:var(--linear-gradient-73-b-9574-color-1)\"><\/stop><stop offset=\"100%\" style=\"stop-opacity:1;stop-color:var(--linear-gradient-73-b-9574-color-2)\"><\/stop><\/linearGradient><\/defs><\/svg><svg xmlns=\"http:\/\/www.w3.org\/2000\/svg\" viewBox=\"0 0 50 50\" aria-hidden=\"true\" width=\"32\" height=\"32\"><path d=\"M19.8 9.3C10.5 11.8 4.6 17 2.1 24.8c2.3-3.6 5.6-5.4 9.9-5.4 3.3 0 6 1.1 8.3 3.3 2.2 2.2 3.4 5 3.4 8.3 0 3.2-1.1 5.8-3.3 8-2.2 2.2-5.1 3.2-8.7 3.2-3.7 0-6.5-1.2-8.6-3.5C1 36.3 0 33.1 0 29 0 18.3 6.5 11.2 19.6 7.9l.2 1.4zm26.4 0C36.9 11.9 31 17 28.5 24.8c2.2-3.6 5.5-5.4 9.8-5.4 3.2 0 6 1.1 8.3 3.2 2.3 2.2 3.4 4.9 3.4 8.3 0 3.1-1.1 5.8-3.3 7.9-2.2 2.2-5.1 3.3-8.6 3.3-3.7 0-6.6-1.1-8.6-3.4-2.1-2.3-3.1-5.5-3.1-9.7 0-10.7 6.6-17.8 19.7-21.1l.1 1.4z\"><\/path><\/svg><\/div><\/span><\/div>\n<!-- \/wp:stackable\/icon -->\n\n<!-- wp:stackable\/text {\"uniqueId\":\"4ce292e\",\"textColor1\":\"var(u002du002dast-global-color-7)\"} -->\n<div class=\"wp-block-stackable-text stk-block-text stk-block stk-4ce292e\" data-block-id=\"4ce292e\"><style>.stk-4ce292e .stk-block-text__text{color:var(--ast-global-color-7) !important}<\/style><p class=\"stk-block-text__text has-text-color\">\u00a1Bienvenidos al emocionante mundo del deporte, la nutrici\u00f3n y el desarrollo personal! En este espacio, te ofrecemos informaci\u00f3n, consejos y recursos para alcanzar tu m\u00e1ximo potencial en el deporte y en la vida. Desde estrategias para mejorar tu rendimiento deportivo hasta consejos pr\u00e1cticos para cuidar tu nutrici\u00f3n y tu bienestar emocional, nuestro objetivo es inspirarte, motivarte y ayudarte a alcanzar tus metas.<br>Acomp\u00e1\u00f1anos en este viaje hacia el \u00e9xito y la superaci\u00f3n personal. \u00a1Vamos juntos a alcanzar nuevas alturas!<\/p><\/div>\n<!-- \/wp:stackable\/text --><\/div><\/div><\/blockquote>\n<!-- \/wp:stackable\/blockquote --><\/div><\/div>\n<!-- \/wp:cover -->\n\n<!-- wp:uagb\/container {\"block_id\":\"10305428\",\"directionDesktop\":\"row\",\"variationSelected\":true,\"isBlockRootParent\":true} -->\n<div class=\"wp-block-uagb-container uagb-block-10305428 alignfull uagb-is-root-container\"><div class=\"uagb-container-inner-blocks-wrap\"><!-- wp:uagb\/container {\"block_id\":\"d6eefa26\",\"widthDesktop\":50,\"widthSetByUser\":true} -->\n<div class=\"wp-block-uagb-container uagb-block-d6eefa26\"><!-- wp:stackable\/posts {\"uniqueId\":\"b2f0824\",\"imageWidth\":35,\"align\":\"wide\",\"innerBlockContentAlign\":\"alignwide\",\"stkQueryId\":0,\"contentOrder\":[\"title\",\"meta\",\"category\",\"excerpt\",\"readmore\"],\"imageWidthUnit\":\"%\",\"className\":\"is-style-list\"} -->\n<div class=\"wp-block-stackable-posts alignwide stk-block-posts stk-block stk-b2f0824 is-style-list\" data-v=\"2\" data-block-id=\"b2f0824\"><style>.stk-b2f0824-container .stk-block-posts__image-link{flex-basis:35% !important}.stk-b2f0824 .stk-container-padding{width:65% !important}<\/style><div class=\"stk-inner-blocks stk-content-align stk-b2f0824-column alignwide\"><div class=\"stk-block-posts__items\">&lt;!\u2013- \/stk-start:posts\/template \u2013-><div class=\"stk-block-posts__item\"><div class=\"stk-container stk-b2f0824-container stk--no-background stk--no-padding\"><a href=\"!#postLink!#\" class=\"stk-block-posts__image-link\"><figure class=\"stk-img-wrapper stk-image--shape-stretch\"><img class=\"stk-img\" width=\"35\" height=\"300\"\/><\/figure><\/a><article class=\"stk-container-padding\"><h3 class=\"stk-block-posts__title\"><a href='!#postLink!#'>!#title!#<\/a><\/h3><aside class=\"stk-block-posts__meta stk-subtitle\"><span>!#authorName!#<\/span><span class=\"stk-block-posts__meta-sep\">!#metaSeparator!#<\/span><time datetime=\"!#dateTime!#\">!#date!#<\/time><span class=\"stk-block-posts__meta-sep\">!#metaSeparator!#<\/span><span>!#commentsNum!#<\/span><\/aside><div class=\"stk-block-posts__category stk-subtitle\">!#category!#<\/div><div class=\"stk-block-posts__excerpt\">!#excerpt!#<\/div><a class=\"stk-block-posts__readmore\" href=\"!#postLink!#\">!#readmoreText!#<\/a><\/article><\/div><\/div>&lt;!\u2013- \/stk-end:post\/template \u2013-><\/div><div class=\"stk-inner-blocks\"><\/div><\/div><\/div>\n<!-- \/wp:stackable\/posts --><\/div>\n<!-- \/wp:uagb\/container --><\/div><\/div>\n<!-- \/wp:uagb\/container -->\n\n<!-- wp:uagb\/container {\"block_id\":\"4cb3be08\",\"variationSelected\":true,\"isBlockRootParent\":true} -->\n<div class=\"wp-block-uagb-container uagb-block-4cb3be08 alignfull uagb-is-root-container\"><div class=\"uagb-container-inner-blocks-wrap\"><!-- wp:uagb\/post-carousel {\"btnBorderStyle\":\"none\",\"block_id\":\"b92279d9\"} \/--><\/div><\/div>\n<!-- \/wp:uagb\/container -->","_et_gb_content_width":"","_uag_custom_page_level_css":"","footnotes":""},"featured_image_urls":{"full":"","thumbnail":"","medium":"","medium_large":"","large":"","1536x1536":"","2048x2048":"","tp-image-grid":"","et-pb-post-main-image":"","et-pb-post-main-image-fullwidth":"","et-pb-portfolio-image":"","et-pb-portfolio-module-image":"","et-pb-portfolio-image-single":"","et-pb-gallery-module-image-portrait":"","et-pb-post-main-image-fullwidth-large":"","et-pb-image--responsive--desktop":"","et-pb-image--responsive--tablet":"","et-pb-image--responsive--phone":""},"post_excerpt_stackable":"<p>ACTUALIDAD Blog MEJORANDO TU BIENESTAR EMOCIONAL Y MENTAL por admin | May 9, 2024 | UncategorizedEn el vertiginoso ritmo de la vida moderna, el bienestar emocional y mental se ha vuelto m\u00e1s crucial que nunca. En este art\u00edculo, exploraremos c\u00f3mo el coaching puede ser una herramienta poderosa para mejorar tu salud mental y emocional, proporcionando estrategias y&#8230; DESBLOQUEANDO EL POTENCIAL A TRAV\u00c9S DEL COACHING por admin | May 9, 2024 | UncategorizedEn el desarrollo personal y profesional, el coaching se destaca como una herramienta esencial para desbloquear el potencial humano y alcanzar nuevas alturas de \u00e9xito y realizaci\u00f3n. Pero, \u00bfqu\u00e9&hellip;<\/p>\n","category_list":"","author_info":{"name":"admin","url":"https:\/\/trabajos.digitalzaragoza.es\/coachingzaragoza\/author\/gestor\/"},"comments_num":"0 comentarios","yoast_head":"<!-- This site is optimized with the Yoast SEO plugin v22.4 - https:\/\/yoast.com\/wordpress\/plugins\/seo\/ -->\n<title>Blog - Coaching Center Zaragoza<\/title>\n<meta name=\"description\" content=\"No te pierdas noticias, consejos y mucho m\u00e1s en el blog de Coaching Center\" \/>\n<meta name=\"robots\" content=\"index, follow, max-snippet:-1, max-image-preview:large, max-video-preview:-1\" \/>\n<link rel=\"canonical\" href=\"https:\/\/trabajos.digitalzaragoza.es\/coachingzaragoza\/blog-coaching-center-zaragoza\/\" \/>\n<meta property=\"og:locale\" content=\"es_ES\" \/>\n<meta property=\"og:type\" content=\"article\" \/>\n<meta property=\"og:title\" content=\"Blog - Coaching Center Zaragoza\" \/>\n<meta property=\"og:description\" content=\"No te pierdas noticias, consejos y mucho m\u00e1s en el blog de Coaching Center\" \/>\n<meta property=\"og:url\" content=\"https:\/\/trabajos.digitalzaragoza.es\/coachingzaragoza\/blog-coaching-center-zaragoza\/\" \/>\n<meta property=\"article:modified_time\" content=\"2024-11-14T07:35:13+00:00\" \/>\n<meta name=\"twitter:card\" content=\"summary_large_image\" \/>\n<meta name=\"twitter:label1\" content=\"Tiempo de lectura\" \/>\n\t<meta name=\"twitter:data1\" content=\"2 minutos\" \/>\n<script type=\"application\/ld+json\" class=\"yoast-schema-graph\">{\"@context\":\"https:\/\/schema.org\",\"@graph\":[{\"@type\":\"WebPage\",\"@id\":\"https:\/\/trabajos.digitalzaragoza.es\/coachingzaragoza\/blog-coaching-center-zaragoza\/\",\"url\":\"https:\/\/trabajos.digitalzaragoza.es\/coachingzaragoza\/blog-coaching-center-zaragoza\/\",\"name\":\"Blog - Coaching Center Zaragoza\",\"isPartOf\":{\"@id\":\"https:\/\/trabajos.digitalzaragoza.es\/coachingzaragoza\/#website\"},\"datePublished\":\"2024-04-12T08:39:27+00:00\",\"dateModified\":\"2024-11-14T07:35:13+00:00\",\"description\":\"No te pierdas noticias, consejos y mucho m\u00e1s en el blog de Coaching Center\",\"breadcrumb\":{\"@id\":\"https:\/\/trabajos.digitalzaragoza.es\/coachingzaragoza\/blog-coaching-center-zaragoza\/#breadcrumb\"},\"inLanguage\":\"es\",\"potentialAction\":[{\"@type\":\"ReadAction\",\"target\":[\"https:\/\/trabajos.digitalzaragoza.es\/coachingzaragoza\/blog-coaching-center-zaragoza\/\"]}]},{\"@type\":\"BreadcrumbList\",\"@id\":\"https:\/\/trabajos.digitalzaragoza.es\/coachingzaragoza\/blog-coaching-center-zaragoza\/#breadcrumb\",\"itemListElement\":[{\"@type\":\"ListItem\",\"position\":1,\"name\":\"Portada\",\"item\":\"https:\/\/trabajos.digitalzaragoza.es\/coachingzaragoza\/\"},{\"@type\":\"ListItem\",\"position\":2,\"name\":\"Blog\"}]},{\"@type\":\"WebSite\",\"@id\":\"https:\/\/trabajos.digitalzaragoza.es\/coachingzaragoza\/#website\",\"url\":\"https:\/\/trabajos.digitalzaragoza.es\/coachingzaragoza\/\",\"name\":\"\",\"description\":\"\",\"potentialAction\":[{\"@type\":\"SearchAction\",\"target\":{\"@type\":\"EntryPoint\",\"urlTemplate\":\"https:\/\/trabajos.digitalzaragoza.es\/coachingzaragoza\/?s={search_term_string}\"},\"query-input\":\"required name=search_term_string\"}],\"inLanguage\":\"es\"}]}<\/script>\n<!-- \/ Yoast SEO plugin. -->","yoast_head_json":{"title":"Blog - Coaching Center Zaragoza","description":"No te pierdas noticias, consejos y mucho m\u00e1s en el blog de Coaching Center","robots":{"index":"index","follow":"follow","max-snippet":"max-snippet:-1","max-image-preview":"max-image-preview:large","max-video-preview":"max-video-preview:-1"},"canonical":"https:\/\/trabajos.digitalzaragoza.es\/coachingzaragoza\/blog-coaching-center-zaragoza\/","og_locale":"es_ES","og_type":"article","og_title":"Blog - Coaching Center Zaragoza","og_description":"No te pierdas noticias, consejos y mucho m\u00e1s en el blog de Coaching Center","og_url":"https:\/\/trabajos.digitalzaragoza.es\/coachingzaragoza\/blog-coaching-center-zaragoza\/","article_modified_time":"2024-11-14T07:35:13+00:00","twitter_card":"summary_large_image","twitter_misc":{"Tiempo de lectura":"2 minutos"},"schema":{"@context":"https:\/\/schema.org","@graph":[{"@type":"WebPage","@id":"https:\/\/trabajos.digitalzaragoza.es\/coachingzaragoza\/blog-coaching-center-zaragoza\/","url":"https:\/\/trabajos.digitalzaragoza.es\/coachingzaragoza\/blog-coaching-center-zaragoza\/","name":"Blog - Coaching Center Zaragoza","isPartOf":{"@id":"https:\/\/trabajos.digitalzaragoza.es\/coachingzaragoza\/#website"},"datePublished":"2024-04-12T08:39:27+00:00","dateModified":"2024-11-14T07:35:13+00:00","description":"No te pierdas noticias, consejos y mucho m\u00e1s en el blog de Coaching Center","breadcrumb":{"@id":"https:\/\/trabajos.digitalzaragoza.es\/coachingzaragoza\/blog-coaching-center-zaragoza\/#breadcrumb"},"inLanguage":"es","potentialAction":[{"@type":"ReadAction","target":["https:\/\/trabajos.digitalzaragoza.es\/coachingzaragoza\/blog-coaching-center-zaragoza\/"]}]},{"@type":"BreadcrumbList","@id":"https:\/\/trabajos.digitalzaragoza.es\/coachingzaragoza\/blog-coaching-center-zaragoza\/#breadcrumb","itemListElement":[{"@type":"ListItem","position":1,"name":"Portada","item":"https:\/\/trabajos.digitalzaragoza.es\/coachingzaragoza\/"},{"@type":"ListItem","position":2,"name":"Blog"}]},{"@type":"WebSite","@id":"https:\/\/trabajos.digitalzaragoza.es\/coachingzaragoza\/#website","url":"https:\/\/trabajos.digitalzaragoza.es\/coachingzaragoza\/","name":"","description":"","potentialAction":[{"@type":"SearchAction","target":{"@type":"EntryPoint","urlTemplate":"https:\/\/trabajos.digitalzaragoza.es\/coachingzaragoza\/?s={search_term_string}"},"query-input":"required name=search_term_string"}],"inLanguage":"es"}]}},"tpgb_featured_images":null,"tpgb_post_meta_info":{"get_date":"abril 12, 2024","author_name":"admin","author_url":"https:\/\/trabajos.digitalzaragoza.es\/coachingzaragoza\/author\/gestor\/","author_email":"soporte@sumark.es","author_website":"","author_description":"","author_facebook":"","author_twitter":"","author_instagram":"","author_role":["administrator"],"author_firstname":"","author_lastname":"","user_login":"gestor","author_avatar":"<img alt='' src='https:\/\/secure.gravatar.com\/avatar\/1c1cfc69b4624a13585f8e29a3a90451?s=200&#038;d=mm&#038;r=g' srcset='https:\/\/secure.gravatar.com\/avatar\/1c1cfc69b4624a13585f8e29a3a90451?s=400&#038;d=mm&#038;r=g 2x' class='avatar avatar-200 photo' height='200' width='200' decoding='async'\/>","author_avatar_url":"https:\/\/secure.gravatar.com\/avatar\/1c1cfc69b4624a13585f8e29a3a90451?s=96&d=mm&r=g","comment_count":0,"post_likes":0,"post_views":0},"tpgb_post_category":[],"uagb_featured_image_src":{"full":false,"thumbnail":false,"medium":false,"medium_large":false,"large":false,"1536x1536":false,"2048x2048":false,"tp-image-grid":false,"et-pb-post-main-image":false,"et-pb-post-main-image-fullwidth":false,"et-pb-portfolio-image":false,"et-pb-portfolio-module-image":false,"et-pb-portfolio-image-single":false,"et-pb-gallery-module-image-portrait":false,"et-pb-post-main-image-fullwidth-large":false,"et-pb-image--responsive--desktop":false,"et-pb-image--responsive--tablet":false,"et-pb-image--responsive--phone":false},"uagb_author_info":{"display_name":"admin","author_link":"https:\/\/trabajos.digitalzaragoza.es\/coachingzaragoza\/author\/gestor\/"},"uagb_comment_info":0,"uagb_excerpt":"ACTUALIDAD Blog \u00bfNecesitas un coach que gu\u00ede tu camino?Center Zaragoza contar\u00e1s con la ayuda y el apoyo de grandes coach especializados en diferentes \u00e1mbitos para ayudarte a conseguir todos tus objetivos.","_links":{"self":[{"href":"https:\/\/trabajos.digitalzaragoza.es\/coachingzaragoza\/wp-json\/wp\/v2\/pages\/550"}],"collection":[{"href":"https:\/\/trabajos.digitalzaragoza.es\/coachingzaragoza\/wp-json\/wp\/v2\/pages"}],"about":[{"href":"https:\/\/trabajos.digitalzaragoza.es\/coachingzaragoza\/wp-json\/wp\/v2\/types\/page"}],"author":[{"embeddable":true,"href":"https:\/\/trabajos.digitalzaragoza.es\/coachingzaragoza\/wp-json\/wp\/v2\/users\/1"}],"replies":[{"embeddable":true,"href":"https:\/\/trabajos.digitalzaragoza.es\/coachingzaragoza\/wp-json\/wp\/v2\/comments?post=550"}],"version-history":[{"count":14,"href":"https:\/\/trabajos.digitalzaragoza.es\/coachingzaragoza\/wp-json\/wp\/v2\/pages\/550\/revisions"}],"predecessor-version":[{"id":1333,"href":"https:\/\/trabajos.digitalzaragoza.es\/coachingzaragoza\/wp-json\/wp\/v2\/pages\/550\/revisions\/1333"}],"wp:attachment":[{"href":"https:\/\/trabajos.digitalzaragoza.es\/coachingzaragoza\/wp-json\/wp\/v2\/media?parent=550"}],"curies":[{"name":"wp","href":"https:\/\/api.w.org\/{rel}","templated":true}]}}